{"id":74175,"date":"2025-12-17T18:41:14","date_gmt":"2025-12-17T17:41:14","guid":{"rendered":"https:\/\/energyear.com\/?post_type=product&#038;p=74175"},"modified":"2026-04-13T12:52:58","modified_gmt":"2026-04-13T10:52:58","slug":"entrada-virtual-energyear-autoconsumo-2026","status":"publish","type":"product","link":"https:\/\/energyear.com\/it\/producto\/entrada-virtual-energyear-autoconsumo-2026\/","title":{"rendered":"ENTRADA VIRTUAL ENERGYEAR AUTOCONSUMO ESPA\u00d1A 2026"},"content":{"rendered":"","protected":false},"excerpt":{"rendered":"<p>In caso di domande o problemi con la registrazione, si prega di contattarci a <a href=\"mailto:info@energyear.com\">info@energyear.com<\/a><\/p>\n<h6>*Empresas fabricantes consultar descuentos para grupos o paquetes de entradas<\/h6>\n<h4>REGISTRAZIONE DEI PARTECIPANTI<\/h4>","protected":false},"featured_media":74177,"template":"","meta":{"_acf_changed":false,"content-type":""},"product_brand":[],"product_cat":[74],"product_tag":[],"class_list":{"0":"post-74175","1":"product","2":"type-product","3":"status-publish","4":"has-post-thumbnail","6":"product_cat-espana","7":"","8":"woocommerce-text-align-left","9":"woocommerce-image-align-center","10":"do-quantity-buttons","12":"first","13":"instock","14":"virtual","15":"taxable","16":"purchasable","17":"product-type-ticket-event"},"acf":[],"yoast_head":"<!-- This site is optimized with the Yoast SEO plugin v27.2 - https:\/\/yoast.com\/product\/yoast-seo-wordpress\/ -->\n<title>ENTRADA VIRTUAL ENERGYEAR AUTOCONSUMO ESPA\u00d1A 2026 - Energyear<\/title>\n<meta name=\"robots\" content=\"index, follow, max-snippet:-1, max-image-preview:large, max-video-preview:-1\" \/>\n<link rel=\"canonical\" href=\"https:\/\/energyear.com\/it\/prodotto\/entrada-virtual-energyear-autoconsumo-2026\/\" \/>\n<meta property=\"og:locale\" content=\"it_IT\" \/>\n<meta property=\"og:type\" content=\"article\" \/>\n<meta property=\"og:title\" content=\"ENTRADA VIRTUAL ENERGYEAR AUTOCONSUMO ESPA\u00d1A 2026 - Energyear\" \/>\n<meta property=\"og:description\" content=\"Para cualquier consulta o problema en la inscripci\u00f3n pueden contactarnos a trav\u00e9s de info@energyear.com *Empresas fabricantes consultar descuentos para grupos o paquetes de entradas REGISTRO DE ASISTENTES \/ ATTENDEES REGISTRATION\" \/>\n<meta property=\"og:url\" content=\"https:\/\/energyear.com\/it\/prodotto\/entrada-virtual-energyear-autoconsumo-2026\/\" \/>\n<meta property=\"og:site_name\" content=\"Energyear\" \/>\n<meta property=\"article:modified_time\" content=\"2026-04-13T10:52:58+00:00\" \/>\n<meta property=\"og:image\" content=\"https:\/\/energyear.com\/wp-content\/uploads\/2025\/12\/AC26-Entradas-VT-1.jpg\" \/>\n\t<meta property=\"og:image:width\" content=\"820\" \/>\n\t<meta property=\"og:image:height\" content=\"781\" \/>\n\t<meta property=\"og:image:type\" content=\"image\/jpeg\" \/>\n<meta name=\"twitter:card\" content=\"summary_large_image\" \/>\n<meta name=\"twitter:label1\" content=\"Tempo di lettura stimato\" \/>\n\t<meta name=\"twitter:data1\" content=\"1 minuto\" \/>\n<script type=\"application\/ld+json\" class=\"yoast-schema-graph\">{\"@context\":\"https:\/\/schema.org\",\"@graph\":[{\"@type\":\"WebPage\",\"@id\":\"https:\/\/energyear.com\/producto\/entrada-virtual-energyear-autoconsumo-2026\/\",\"url\":\"https:\/\/energyear.com\/producto\/entrada-virtual-energyear-autoconsumo-2026\/\",\"name\":\"ENTRADA VIRTUAL ENERGYEAR AUTOCONSUMO ESPA\u00d1A 2026 - Energyear\",\"isPartOf\":{\"@id\":\"https:\/\/energyear.com\/es\/#website\"},\"primaryImageOfPage\":{\"@id\":\"https:\/\/energyear.com\/producto\/entrada-virtual-energyear-autoconsumo-2026\/#primaryimage\"},\"image\":{\"@id\":\"https:\/\/energyear.com\/producto\/entrada-virtual-energyear-autoconsumo-2026\/#primaryimage\"},\"thumbnailUrl\":\"https:\/\/energyear.com\/wp-content\/uploads\/2025\/12\/AC26-Entradas-VT-1.jpg\",\"datePublished\":\"2025-12-17T17:41:14+00:00\",\"dateModified\":\"2026-04-13T10:52:58+00:00\",\"breadcrumb\":{\"@id\":\"https:\/\/energyear.com\/producto\/entrada-virtual-energyear-autoconsumo-2026\/#breadcrumb\"},\"inLanguage\":\"it-IT\",\"potentialAction\":[{\"@type\":\"ReadAction\",\"target\":[\"https:\/\/energyear.com\/producto\/entrada-virtual-energyear-autoconsumo-2026\/\"]}]},{\"@type\":\"ImageObject\",\"inLanguage\":\"it-IT\",\"@id\":\"https:\/\/energyear.com\/producto\/entrada-virtual-energyear-autoconsumo-2026\/#primaryimage\",\"url\":\"https:\/\/energyear.com\/wp-content\/uploads\/2025\/12\/AC26-Entradas-VT-1.jpg\",\"contentUrl\":\"https:\/\/energyear.com\/wp-content\/uploads\/2025\/12\/AC26-Entradas-VT-1.jpg\",\"width\":820,\"height\":781},{\"@type\":\"BreadcrumbList\",\"@id\":\"https:\/\/energyear.com\/producto\/entrada-virtual-energyear-autoconsumo-2026\/#breadcrumb\",\"itemListElement\":[{\"@type\":\"ListItem\",\"position\":1,\"name\":\"Portada\",\"item\":\"https:\/\/energyear.com\/es\/\"},{\"@type\":\"ListItem\",\"position\":2,\"name\":\"Products\",\"item\":\"https:\/\/energyear.com\/en\/tienda\/\"},{\"@type\":\"ListItem\",\"position\":3,\"name\":\"ENTRADA VIRTUAL ENERGYEAR AUTOCONSUMO ESPA\u00d1A 2026\"}]},{\"@type\":\"WebSite\",\"@id\":\"https:\/\/energyear.com\/es\/#website\",\"url\":\"https:\/\/energyear.com\/es\/\",\"name\":\"Energyear\",\"description\":\"Eventos de Energ\u00edas Renovables y Movilidad\",\"publisher\":{\"@id\":\"https:\/\/energyear.com\/es\/#organization\"},\"potentialAction\":[{\"@type\":\"SearchAction\",\"target\":{\"@type\":\"EntryPoint\",\"urlTemplate\":\"https:\/\/energyear.com\/es\/?s={search_term_string}\"},\"query-input\":{\"@type\":\"PropertyValueSpecification\",\"valueRequired\":true,\"valueName\":\"search_term_string\"}}],\"inLanguage\":\"it-IT\"},{\"@type\":\"Organization\",\"@id\":\"https:\/\/energyear.com\/es\/#organization\",\"name\":\"Energyear\",\"url\":\"https:\/\/energyear.com\/es\/\",\"logo\":{\"@type\":\"ImageObject\",\"inLanguage\":\"it-IT\",\"@id\":\"https:\/\/energyear.com\/es\/#\/schema\/logo\/image\/\",\"url\":\"https:\/\/energyear.com\/wp-content\/uploads\/2022\/01\/logo_energyear_f.svg\",\"contentUrl\":\"https:\/\/energyear.com\/wp-content\/uploads\/2022\/01\/logo_energyear_f.svg\",\"width\":100,\"height\":100,\"caption\":\"Energyear\"},\"image\":{\"@id\":\"https:\/\/energyear.com\/es\/#\/schema\/logo\/image\/\"}}]}<\/script>\n<!-- \/ Yoast SEO plugin. -->","yoast_head_json":{"title":"ENTRADA VIRTUAL ENERGYEAR AUTOCONSUMO ESPA\u00d1A 2026 - Energyear","robots":{"index":"index","follow":"follow","max-snippet":"max-snippet:-1","max-image-preview":"max-image-preview:large","max-video-preview":"max-video-preview:-1"},"canonical":"https:\/\/energyear.com\/it\/prodotto\/entrada-virtual-energyear-autoconsumo-2026\/","og_locale":"it_IT","og_type":"article","og_title":"ENTRADA VIRTUAL ENERGYEAR AUTOCONSUMO ESPA\u00d1A 2026 - Energyear","og_description":"Para cualquier consulta o problema en la inscripci\u00f3n pueden contactarnos a trav\u00e9s de info@energyear.com *Empresas fabricantes consultar descuentos para grupos o paquetes de entradas REGISTRO DE ASISTENTES \/ ATTENDEES REGISTRATION","og_url":"https:\/\/energyear.com\/it\/prodotto\/entrada-virtual-energyear-autoconsumo-2026\/","og_site_name":"Energyear","article_modified_time":"2026-04-13T10:52:58+00:00","og_image":[{"width":820,"height":781,"url":"https:\/\/energyear.com\/wp-content\/uploads\/2025\/12\/AC26-Entradas-VT-1.jpg","type":"image\/jpeg"}],"twitter_card":"summary_large_image","twitter_misc":{"Tempo di lettura stimato":"1 minuto"},"schema":{"@context":"https:\/\/schema.org","@graph":[{"@type":"WebPage","@id":"https:\/\/energyear.com\/producto\/entrada-virtual-energyear-autoconsumo-2026\/","url":"https:\/\/energyear.com\/producto\/entrada-virtual-energyear-autoconsumo-2026\/","name":"ENTRADA VIRTUAL ENERGYEAR AUTOCONSUMO ESPA\u00d1A 2026 - Energyear","isPartOf":{"@id":"https:\/\/energyear.com\/es\/#website"},"primaryImageOfPage":{"@id":"https:\/\/energyear.com\/producto\/entrada-virtual-energyear-autoconsumo-2026\/#primaryimage"},"image":{"@id":"https:\/\/energyear.com\/producto\/entrada-virtual-energyear-autoconsumo-2026\/#primaryimage"},"thumbnailUrl":"https:\/\/energyear.com\/wp-content\/uploads\/2025\/12\/AC26-Entradas-VT-1.jpg","datePublished":"2025-12-17T17:41:14+00:00","dateModified":"2026-04-13T10:52:58+00:00","breadcrumb":{"@id":"https:\/\/energyear.com\/producto\/entrada-virtual-energyear-autoconsumo-2026\/#breadcrumb"},"inLanguage":"it-IT","potentialAction":[{"@type":"ReadAction","target":["https:\/\/energyear.com\/producto\/entrada-virtual-energyear-autoconsumo-2026\/"]}]},{"@type":"ImageObject","inLanguage":"it-IT","@id":"https:\/\/energyear.com\/producto\/entrada-virtual-energyear-autoconsumo-2026\/#primaryimage","url":"https:\/\/energyear.com\/wp-content\/uploads\/2025\/12\/AC26-Entradas-VT-1.jpg","contentUrl":"https:\/\/energyear.com\/wp-content\/uploads\/2025\/12\/AC26-Entradas-VT-1.jpg","width":820,"height":781},{"@type":"BreadcrumbList","@id":"https:\/\/energyear.com\/producto\/entrada-virtual-energyear-autoconsumo-2026\/#breadcrumb","itemListElement":[{"@type":"ListItem","position":1,"name":"Portada","item":"https:\/\/energyear.com\/es\/"},{"@type":"ListItem","position":2,"name":"Products","item":"https:\/\/energyear.com\/en\/tienda\/"},{"@type":"ListItem","position":3,"name":"ENTRADA VIRTUAL ENERGYEAR AUTOCONSUMO ESPA\u00d1A 2026"}]},{"@type":"WebSite","@id":"https:\/\/energyear.com\/es\/#website","url":"https:\/\/energyear.com\/es\/","name":"ENERGYEAR","description":"Eventos de Energ\u00edas Renovables y Movilidad","publisher":{"@id":"https:\/\/energyear.com\/es\/#organization"},"potentialAction":[{"@type":"SearchAction","target":{"@type":"EntryPoint","urlTemplate":"https:\/\/energyear.com\/es\/?s={search_term_string}"},"query-input":{"@type":"PropertyValueSpecification","valueRequired":true,"valueName":"search_term_string"}}],"inLanguage":"it-IT"},{"@type":"Organization","@id":"https:\/\/energyear.com\/es\/#organization","name":"ENERGYEAR","url":"https:\/\/energyear.com\/es\/","logo":{"@type":"ImageObject","inLanguage":"it-IT","@id":"https:\/\/energyear.com\/es\/#\/schema\/logo\/image\/","url":"https:\/\/energyear.com\/wp-content\/uploads\/2022\/01\/logo_energyear_f.svg","contentUrl":"https:\/\/energyear.com\/wp-content\/uploads\/2022\/01\/logo_energyear_f.svg","width":100,"height":100,"caption":"Energyear"},"image":{"@id":"https:\/\/energyear.com\/es\/#\/schema\/logo\/image\/"}}]}},"_links":{"self":[{"href":"https:\/\/energyear.com\/it\/wp-json\/wp\/v2\/product\/74175","targetHints":{"allow":["GET"]}}],"collection":[{"href":"https:\/\/energyear.com\/it\/wp-json\/wp\/v2\/product"}],"about":[{"href":"https:\/\/energyear.com\/it\/wp-json\/wp\/v2\/types\/product"}],"wp:featuredmedia":[{"embeddable":true,"href":"https:\/\/energyear.com\/it\/wp-json\/wp\/v2\/media\/74177"}],"wp:attachment":[{"href":"https:\/\/energyear.com\/it\/wp-json\/wp\/v2\/media?parent=74175"}],"wp:term":[{"taxonomy":"product_brand","embeddable":true,"href":"https:\/\/energyear.com\/it\/wp-json\/wp\/v2\/product_brand?post=74175"},{"taxonomy":"product_cat","embeddable":true,"href":"https:\/\/energyear.com\/it\/wp-json\/wp\/v2\/product_cat?post=74175"},{"taxonomy":"product_tag","embeddable":true,"href":"https:\/\/energyear.com\/it\/wp-json\/wp\/v2\/product_tag?post=74175"}],"curies":[{"name":"wp","href":"https:\/\/api.w.org\/{rel}","templated":true}]}}