{"id":37,"date":"2021-11-25T13:01:50","date_gmt":"2021-11-25T12:01:50","guid":{"rendered":"https:\/\/energyear.com\/?page_id=37"},"modified":"2023-02-07T13:16:02","modified_gmt":"2023-02-07T12:16:02","slug":"aviso-legal-y-privacidad","status":"publish","type":"page","link":"https:\/\/energyear.com\/it\/aviso-legal-y-privacidad\/","title":{"rendered":"Aviso Legal y Privacidad"},"content":{"rendered":"\t\t<div data-elementor-type=\"wp-page\" data-elementor-id=\"37\" class=\"elementor elementor-37\" data-elementor-post-type=\"page\">\n\t\t\t\t\t\t<section class=\"elementor-section elementor-top-section elementor-element elementor-element-f1a515d elementor-section-boxed elementor-section-height-default elementor-section-height-default\" data-id=\"f1a515d\" data-element_type=\"section\" data-e-type=\"section\" data-settings=\"{&quot;jet_parallax_layout_list&quot;:[{&quot;jet_parallax_layout_image&quot;:{&quot;url&quot;:&quot;&quot;,&quot;id&quot;:&quot;&quot;,&quot;size&quot;:&quot;&quot;},&quot;_id&quot;:&quot;4398669&quot;,&quot;jet_parallax_layout_image_tablet&quot;:{&quot;url&quot;:&quot;&quot;,&quot;id&quot;:&quot;&quot;,&quot;size&quot;:&quot;&quot;},&quot;jet_parallax_layout_image_mobile&quot;:{&quot;url&quot;:&quot;&quot;,&quot;id&quot;:&quot;&quot;,&quot;size&quot;:&quot;&quot;},&quot;jet_parallax_layout_speed&quot;:{&quot;unit&quot;:&quot;%&quot;,&quot;size&quot;:50,&quot;sizes&quot;:[]},&quot;jet_parallax_layout_type&quot;:&quot;scroll&quot;,&quot;jet_parallax_layout_direction&quot;:&quot;1&quot;,&quot;jet_parallax_layout_fx_direction&quot;:null,&quot;jet_parallax_layout_z_index&quot;:&quot;&quot;,&quot;jet_parallax_layout_bg_x&quot;:50,&quot;jet_parallax_layout_bg_x_tablet&quot;:&quot;&quot;,&quot;jet_parallax_layout_bg_x_mobile&quot;:&quot;&quot;,&quot;jet_parallax_layout_bg_y&quot;:50,&quot;jet_parallax_layout_bg_y_tablet&quot;:&quot;&quot;,&quot;jet_parallax_layout_bg_y_mobile&quot;:&quot;&quot;,&quot;jet_parallax_layout_bg_size&quot;:&quot;auto&quot;,&quot;jet_parallax_layout_bg_size_tablet&quot;:&quot;&quot;,&quot;jet_parallax_layout_bg_size_mobile&quot;:&quot;&quot;,&quot;jet_parallax_layout_animation_prop&quot;:&quot;transform&quot;,&quot;jet_parallax_layout_on&quot;:[&quot;desktop&quot;,&quot;tablet&quot;]}]}\">\n\t\t\t\t\t\t<div class=\"elementor-container elementor-column-gap-default\">\n\t\t\t\t\t<div class=\"elementor-column elementor-col-100 elementor-top-column elementor-element elementor-element-57b8d98\" data-id=\"57b8d98\" data-element_type=\"column\" data-e-type=\"column\">\n\t\t\t<div class=\"elementor-widget-wrap elementor-element-populated\">\n\t\t\t\t\t\t<div class=\"elementor-element elementor-element-bbed523 elementor-widget elementor-widget-heading\" data-id=\"bbed523\" data-element_type=\"widget\" data-e-type=\"widget\" data-widget_type=\"heading.default\">\n\t\t\t\t\t<h1 class=\"elementor-heading-title elementor-size-default\">Aviso Legal y Privacidad<\/h1>\t\t\t\t<\/div>\n\t\t\t\t<div class=\"elementor-element elementor-element-206d279 elementor-widget elementor-widget-text-editor\" data-id=\"206d279\" data-element_type=\"widget\" data-e-type=\"widget\" data-widget_type=\"text-editor.default\">\n\t\t\t\t\t\t\t\t\t<p class=\"p1\"><strong>1. INFORMACI\u00d3N AL USUARIO<\/strong><\/p>\n<p class=\"p1\">Responsable del tratamiento.<\/p>\n<p class=\"p1\">Identidad: ENERGYEAR SL \u2013 B37566338<\/p>\n<p class=\"p1\">Direcci\u00f3n: C\/ Cordel de Merinas, 1 &#8211; bajo 37008 Salamanca (Salamanca)<\/p>\n<p class=\"p1\">Tel\u00e9fono: (+34) 923.15.69.04<\/p>\n<p class=\"p1\">Correo electr\u00f3nico: info@energyear.com<\/p>\n<p class=\"p1\"><u>Finalidad del tratamiento.<\/u><\/p>\n<p class=\"p1\">ENERGYEAR SL tratar\u00e1 la informaci\u00f3n facilitada por los Usuarios en cada uno de los apartados del sitio web con la siguientes finalidades:<\/p>\n<p class=\"p1\">CONTACTO: Los datos ser\u00e1n tratados para la resoluci\u00f3n de consultas y el envio de la informaci\u00f3n solicitada.<\/p>\n<p class=\"p1\">SUSCRIPCI\u00d3N A BOLET\u00cdN DE NOTICIAS: Los datos se tratar\u00e1n a efectos de la remisi\u00f3n de newsletter y noticias de actualidad que puedan resultar de interes a los Usuarios.<\/p>\n<p class=\"p1\">ENVIO DE INFORMACI\u00d3N COMERCIAL: ENERGYEAR SL solicitar\u00e1 el consentimiento explicito de los usuarios de forma adicional para la remisi\u00f3n de comunicaciones publicitarias relacionadas con productos comercializados por la empresas.<\/p>\n<p class=\"p1\">Criterios de conservaci\u00f3n de los datos.<\/p>\n<p class=\"p1\">ENERGYEAR SL conservar\u00e1 los datos mientras persista un interes leg\u00edtimo y en tanto que el interesado no manifieste su oposici\u00f3n al tratamiento de los mismos. Legitimaci\u00f3n para el tratamiento de los datos.<\/p>\n<p class=\"p1\">El tratamiento de los datos del Usuario por parte de ENERGYEAR SL tendr\u00e1 su legitimaci\u00f3n en el consentimiento expl\u00edcitamente prestado.<\/p>\n<p class=\"p1\">Comunicaci\u00f3n de los datos.<\/p>\n<p class=\"p1\">Los datos facilitados por los Usuarios podr\u00e1n ser cedidos a las Fuerzas y Cuerpos de Seguridad y\/o otras Administraciones P\u00fablicas con competencias en la materia.<\/p>\n<p class=\"p1\">ENERGYEAR SL C\/ Cordel de Merinas, 1 &#8211; bajo 37008 Salamanca (Salamanca)<\/p>\n<p class=\"p1\">Derechos que asisten al Usuario.<\/p>\n<p class=\"p1\">Cualquier Usuario tiene derecho a obtener informaci\u00f3n sobre si ENERGYEAR SL est\u00e1 tratando datos personales que le conciernen o no y, en tal caso, a ejercer su derecho de acceso a los&nbsp;<span style=\"background-color: var(--base-3); color: var(--global-color-14);\">datos personales y a la siguiente informaci\u00f3n:<\/span><\/p>\n<p class=\"p1\">a) los fines del tratamiento.<\/p>\n<p class=\"p1\">b) las categor\u00edas de datos personales de que se trate.<\/p>\n<p class=\"p1\">c) los destinatarios o las categor\u00edas de destinatarios a los que se comunicaron o ser\u00e1n comunicados los datos personales, en particular destinatarios en terceros u organizaciones internacionales.<\/p>\n<p class=\"p1\">d) de ser posible, el plazo previsto de conservaci\u00f3n de los datos personales o, de no ser posible, los criterios utilizados para determinar este plazo.<\/p>\n<p class=\"p1\">e) la existencia del derecho a solicitar del responsable la rectificaci\u00f3n o supresi\u00f3n de datos personales o la limitaci\u00f3n del tratamiento de datos personales relativos al interesado, o a oponerse a dicho tratamiento;<\/p>\n<p class=\"p1\">f) el derecho a presentar una reclamaci\u00f3n ante una autoridad de control.<\/p>\n<p class=\"p1\">Asimismo, el Usuario tiene derecho a solicitar la rectificaci\u00f3n de los datos inexactos o, en su caso, a solicitar la supresi\u00f3n de los mismos cuando, entre otros motivos, los datos ya no sean necesarios para los fines que fueron recogidos o cuando usted decida retirar el consentimiento en que se hubiera basado el tratamiento hasta la fecha.<\/p>\n<p class=\"p1\">Los Usuarios podr\u00e1n adem\u00e1s solicitar la limitaci\u00f3n del tratamiento de los datos de los interesados, en cuyo caso \u00fanicamente ser\u00e1n conservados por ENERGYEAR SL para el ejercicio o la defensa&nbsp;<span style=\"background-color: var(--base-3); color: var(--global-color-14);\">de reclamaciones.<\/span><\/p>\n<p class=\"p1\">ENERGYEAR SL dejar\u00e1 de tratar sus datos siempre que usted lleve a cabo la oposici\u00f3n a dicho tratamiento, salvo por motivos leg\u00edtimos imperiosos, o por el ejercicio o la defensa de posibles reclamaciones.<\/p>\n<p class=\"p1\">Finalmente, y en ejercicio de su derecho a la portabilidad de los datos, el Usuario podr\u00e1 recibir los datos personales que hubiera proporcionado a ENERGYEAR SL, en un formato estructurado, de uso com\u00fan y legible por m\u00e1quina, as\u00ed como a solicitar que se transmitan a otra entidad responsable del tratamiento.<\/p>\n<p class=\"p1\">Medios para ejercer sus derechos.<\/p>\n<p class=\"p1\">El Usuario podr\u00e1 ejercer materialmente los derechos descritos en el apartado anterior solicitando el correspondiente formulario a la direcci\u00f3n del responsable: info@energyear.com<\/p>\n<p class=\"p1\">Adicionalmente, el Usuario podr\u00e1 solicitar informaci\u00f3n en todo momento acerca del ejercicio de los derechos que le incumben ante la Agencia Espa\u00f1ola de Protecci\u00f3n de Datos.<\/p>\n<p class=\"p1\">En caso de que el ejercicio de sus derechos no hubiera sido atendido o satisfecho correctamente, el Usuario podr\u00e1 presentar la correspondiente reclamaci\u00f3n ante la Agencia Espa\u00f1ola de Protecci\u00f3n de&nbsp;<span style=\"background-color: var(--base-3); color: var(--global-color-14);\">Datos, ubicada en la Calle de Jorge Juan, 6, 28001, Madrid, tel\u00e9fono 912663517<\/span><\/p>\n<p class=\"p1\"><strong>2. CAR\u00c1CTER OBLIGATORIO O FACULTATIVO DE LA INFORMACI\u00d3N FACILITADA POR EL USUARIO<\/strong><\/p>\n<p class=\"p1\">ENERGYEAR SL<span class=\"Apple-converted-space\">&nbsp;<\/span><\/p>\n<p class=\"p1\">C\/ Cordel de Merinas, 1 &#8211; bajo 37008 Salamanca (Salamanca)<\/p>\n<p class=\"p1\">Los Usuarios, mediante la marcaci\u00f3n de las casillas correspondientes y entrada de datos en los campos, marcados con un asterisco (*) en el formulario de contacto o presentados en formularios de descarga, aceptan expresamente y de forma libre e inequ\u00edvoca, que sus datos son necesarios para atender su petici\u00f3n, por parte del prestador, siendo voluntaria la inclusi\u00f3n de datos en los campos restantes. El Usuario garantiza que los datos personales facilitados al RESPONSABLE son veraces y se hace responsable de comunicar cualquier modificaci\u00f3n de los mismos.<span class=\"Apple-converted-space\">&nbsp;<\/span><\/p>\n<p class=\"p1\">El RESPONSABLE informa y garantiza que todos los datos solicitados a trav\u00e9s del sitio web son obligatorios, ya que son necesarios para la prestaci\u00f3n de un servicio \u00f3ptimo al Usuario. En caso de&nbsp;<span style=\"background-color: var(--base-3); color: var(--global-color-14);\">que no sean facilitados todos los datos, no se garantiza que la informaci\u00f3n y servicios facilitados sean completamente ajustados a sus necesidades.<\/span><\/p>\n<p class=\"p1\"><b>3. MEDIDAS DE SEGURIDAD<\/b><\/p>\n<p class=\"p1\">Que de conformidad con lo dispuesto en las normativas vigentes en protecci\u00f3n de datos personales, el RESPONSABLE est\u00e1 cumpliendo con todas las disposiciones de las normativas GDPR y LOPD para el&nbsp;<span style=\"background-color: var(--base-3); color: var(--global-color-14);\">tratamiento de los datos personales de su responsabilidad, y manifiestamente con los principios descritos en el art\u00edculo 5 del GDPR y en el art\u00edculo 4 de la LOPD, por los cuales son tratados de&nbsp;<\/span><span style=\"color: var(--global-color-14); background-color: var(--base-3);\">manera l\u00edcita, leal y transparente en relaci\u00f3n con el interesado y adecuados, pertinentes y limitados a lo necesario en relaci\u00f3n con los fines para los que son tratados.<\/span><\/p>\n<p class=\"p1\">El RESPONSABLE garantiza que ha implementado pol\u00edticas t\u00e9cnicas y organizativas apropiadas para aplicar las medidas de seguridad que establecen el GDPR y la LOPD con el fin de proteger los&nbsp;<span style=\"background-color: var(--base-3); color: var(--global-color-14);\">derechos y libertades de los Usuarios y les ha comunicado la informaci\u00f3n adecuada para que puedan ejercerlos.<\/span><\/p>\t\t\t\t\t\t\t\t<\/div>\n\t\t\t\t\t<\/div>\n\t\t<\/div>\n\t\t\t\t\t<\/div>\n\t\t<\/section>\n\t\t\t\t<\/div>\n\t\t","protected":false},"excerpt":{"rendered":"<p>Aviso Legal y Privacidad 1. INFORMACI\u00d3N AL USUARIO Responsable del tratamiento. Identidad: ENERGYEAR SL \u2013 B37566338 Direcci\u00f3n: C\/ Cordel de Merinas, 1 &#8211; bajo 37008 Salamanca (Salamanca) Tel\u00e9fono: (+34) 923.15.69.04 Correo electr\u00f3nico: info@energyear.com Finalidad del tratamiento. ENERGYEAR SL tratar\u00e1 la informaci\u00f3n facilitada por los Usuarios en cada uno de los apartados del sitio web con &#8230; <a title=\"Aviso Legal y Privacidad\" class=\"read-more\" href=\"https:\/\/energyear.com\/it\/aviso-legal-y-privacidad\/\" aria-label=\"Per saperne di pi\u00f9 su Aviso Legal y Privacidad\">Leggi tutto<\/a><\/p>","protected":false},"author":2,"featured_media":0,"parent":0,"menu_order":55,"comment_status":"closed","ping_status":"closed","template":"","meta":{"_acf_changed":false,"content-type":"","footnotes":""},"folder":[109],"class_list":["post-37","page","type-page","status-publish"],"acf":[],"yoast_head":"<!-- This site is optimized with the Yoast SEO plugin v27.2 - https:\/\/yoast.com\/product\/yoast-seo-wordpress\/ -->\n<title>Aviso Legal y Privacidad - Energyear<\/title>\n<meta name=\"robots\" content=\"index, follow, max-snippet:-1, max-image-preview:large, max-video-preview:-1\" \/>\n<link rel=\"canonical\" href=\"https:\/\/energyear.com\/it\/aviso-legal-y-privacidad\/\" \/>\n<meta property=\"og:locale\" content=\"it_IT\" \/>\n<meta property=\"og:type\" content=\"article\" \/>\n<meta property=\"og:title\" content=\"Aviso Legal y Privacidad - Energyear\" \/>\n<meta property=\"og:description\" content=\"Aviso Legal y Privacidad 1. INFORMACI\u00d3N AL USUARIO Responsable del tratamiento. Identidad: ENERGYEAR SL \u2013 B37566338 Direcci\u00f3n: C\/ Cordel de Merinas, 1 &#8211; bajo 37008 Salamanca (Salamanca) Tel\u00e9fono: (+34) 923.15.69.04 Correo electr\u00f3nico: info@energyear.com Finalidad del tratamiento. ENERGYEAR SL tratar\u00e1 la informaci\u00f3n facilitada por los Usuarios en cada uno de los apartados del sitio web con ... Leggi tutto\" \/>\n<meta property=\"og:url\" content=\"https:\/\/energyear.com\/it\/aviso-legal-y-privacidad\/\" \/>\n<meta property=\"og:site_name\" content=\"Energyear\" \/>\n<meta property=\"article:modified_time\" content=\"2023-02-07T12:16:02+00:00\" \/>\n<meta name=\"twitter:card\" content=\"summary_large_image\" \/>\n<meta name=\"twitter:label1\" content=\"Tempo di lettura stimato\" \/>\n\t<meta name=\"twitter:data1\" content=\"5 minuti\" \/>\n<script type=\"application\/ld+json\" class=\"yoast-schema-graph\">{\"@context\":\"https:\/\/schema.org\",\"@graph\":[{\"@type\":\"WebPage\",\"@id\":\"https:\/\/energyear.com\/aviso-legal-y-privacidad\/\",\"url\":\"https:\/\/energyear.com\/aviso-legal-y-privacidad\/\",\"name\":\"Aviso Legal y Privacidad - Energyear\",\"isPartOf\":{\"@id\":\"https:\/\/energyear.com\/es\/#website\"},\"datePublished\":\"2021-11-25T12:01:50+00:00\",\"dateModified\":\"2023-02-07T12:16:02+00:00\",\"breadcrumb\":{\"@id\":\"https:\/\/energyear.com\/aviso-legal-y-privacidad\/#breadcrumb\"},\"inLanguage\":\"it-IT\",\"potentialAction\":[{\"@type\":\"ReadAction\",\"target\":[\"https:\/\/energyear.com\/aviso-legal-y-privacidad\/\"]}]},{\"@type\":\"BreadcrumbList\",\"@id\":\"https:\/\/energyear.com\/aviso-legal-y-privacidad\/#breadcrumb\",\"itemListElement\":[{\"@type\":\"ListItem\",\"position\":1,\"name\":\"Portada\",\"item\":\"https:\/\/energyear.com\/es\/\"},{\"@type\":\"ListItem\",\"position\":2,\"name\":\"Aviso Legal y Privacidad\"}]},{\"@type\":\"WebSite\",\"@id\":\"https:\/\/energyear.com\/es\/#website\",\"url\":\"https:\/\/energyear.com\/es\/\",\"name\":\"Energyear\",\"description\":\"Eventos de Energ\u00edas Renovables y Movilidad\",\"publisher\":{\"@id\":\"https:\/\/energyear.com\/es\/#organization\"},\"potentialAction\":[{\"@type\":\"SearchAction\",\"target\":{\"@type\":\"EntryPoint\",\"urlTemplate\":\"https:\/\/energyear.com\/es\/?s={search_term_string}\"},\"query-input\":{\"@type\":\"PropertyValueSpecification\",\"valueRequired\":true,\"valueName\":\"search_term_string\"}}],\"inLanguage\":\"it-IT\"},{\"@type\":\"Organization\",\"@id\":\"https:\/\/energyear.com\/es\/#organization\",\"name\":\"Energyear\",\"url\":\"https:\/\/energyear.com\/es\/\",\"logo\":{\"@type\":\"ImageObject\",\"inLanguage\":\"it-IT\",\"@id\":\"https:\/\/energyear.com\/es\/#\/schema\/logo\/image\/\",\"url\":\"https:\/\/energyear.com\/wp-content\/uploads\/2022\/01\/logo_energyear_f.svg\",\"contentUrl\":\"https:\/\/energyear.com\/wp-content\/uploads\/2022\/01\/logo_energyear_f.svg\",\"width\":100,\"height\":100,\"caption\":\"Energyear\"},\"image\":{\"@id\":\"https:\/\/energyear.com\/es\/#\/schema\/logo\/image\/\"}}]}<\/script>\n<!-- \/ Yoast SEO plugin. -->","yoast_head_json":{"title":"Aviso Legal y Privacidad - Energyear","robots":{"index":"index","follow":"follow","max-snippet":"max-snippet:-1","max-image-preview":"max-image-preview:large","max-video-preview":"max-video-preview:-1"},"canonical":"https:\/\/energyear.com\/it\/aviso-legal-y-privacidad\/","og_locale":"it_IT","og_type":"article","og_title":"Aviso Legal y Privacidad - Energyear","og_description":"Aviso Legal y Privacidad 1. INFORMACI\u00d3N AL USUARIO Responsable del tratamiento. Identidad: ENERGYEAR SL \u2013 B37566338 Direcci\u00f3n: C\/ Cordel de Merinas, 1 &#8211; bajo 37008 Salamanca (Salamanca) Tel\u00e9fono: (+34) 923.15.69.04 Correo electr\u00f3nico: info@energyear.com Finalidad del tratamiento. ENERGYEAR SL tratar\u00e1 la informaci\u00f3n facilitada por los Usuarios en cada uno de los apartados del sitio web con ... Leggi tutto","og_url":"https:\/\/energyear.com\/it\/aviso-legal-y-privacidad\/","og_site_name":"Energyear","article_modified_time":"2023-02-07T12:16:02+00:00","twitter_card":"summary_large_image","twitter_misc":{"Tempo di lettura stimato":"5 minuti"},"schema":{"@context":"https:\/\/schema.org","@graph":[{"@type":"WebPage","@id":"https:\/\/energyear.com\/aviso-legal-y-privacidad\/","url":"https:\/\/energyear.com\/aviso-legal-y-privacidad\/","name":"Aviso Legal y Privacidad - Energyear","isPartOf":{"@id":"https:\/\/energyear.com\/es\/#website"},"datePublished":"2021-11-25T12:01:50+00:00","dateModified":"2023-02-07T12:16:02+00:00","breadcrumb":{"@id":"https:\/\/energyear.com\/aviso-legal-y-privacidad\/#breadcrumb"},"inLanguage":"it-IT","potentialAction":[{"@type":"ReadAction","target":["https:\/\/energyear.com\/aviso-legal-y-privacidad\/"]}]},{"@type":"BreadcrumbList","@id":"https:\/\/energyear.com\/aviso-legal-y-privacidad\/#breadcrumb","itemListElement":[{"@type":"ListItem","position":1,"name":"Portada","item":"https:\/\/energyear.com\/es\/"},{"@type":"ListItem","position":2,"name":"Aviso Legal y Privacidad"}]},{"@type":"WebSite","@id":"https:\/\/energyear.com\/es\/#website","url":"https:\/\/energyear.com\/es\/","name":"ENERGYEAR","description":"Eventos de Energ\u00edas Renovables y Movilidad","publisher":{"@id":"https:\/\/energyear.com\/es\/#organization"},"potentialAction":[{"@type":"SearchAction","target":{"@type":"EntryPoint","urlTemplate":"https:\/\/energyear.com\/es\/?s={search_term_string}"},"query-input":{"@type":"PropertyValueSpecification","valueRequired":true,"valueName":"search_term_string"}}],"inLanguage":"it-IT"},{"@type":"Organization","@id":"https:\/\/energyear.com\/es\/#organization","name":"ENERGYEAR","url":"https:\/\/energyear.com\/es\/","logo":{"@type":"ImageObject","inLanguage":"it-IT","@id":"https:\/\/energyear.com\/es\/#\/schema\/logo\/image\/","url":"https:\/\/energyear.com\/wp-content\/uploads\/2022\/01\/logo_energyear_f.svg","contentUrl":"https:\/\/energyear.com\/wp-content\/uploads\/2022\/01\/logo_energyear_f.svg","width":100,"height":100,"caption":"Energyear"},"image":{"@id":"https:\/\/energyear.com\/es\/#\/schema\/logo\/image\/"}}]}},"_links":{"self":[{"href":"https:\/\/energyear.com\/it\/wp-json\/wp\/v2\/pages\/37","targetHints":{"allow":["GET"]}}],"collection":[{"href":"https:\/\/energyear.com\/it\/wp-json\/wp\/v2\/pages"}],"about":[{"href":"https:\/\/energyear.com\/it\/wp-json\/wp\/v2\/types\/page"}],"author":[{"embeddable":true,"href":"https:\/\/energyear.com\/it\/wp-json\/wp\/v2\/users\/2"}],"replies":[{"embeddable":true,"href":"https:\/\/energyear.com\/it\/wp-json\/wp\/v2\/comments?post=37"}],"version-history":[{"count":0,"href":"https:\/\/energyear.com\/it\/wp-json\/wp\/v2\/pages\/37\/revisions"}],"wp:attachment":[{"href":"https:\/\/energyear.com\/it\/wp-json\/wp\/v2\/media?parent=37"}],"wp:term":[{"taxonomy":"folder","embeddable":true,"href":"https:\/\/energyear.com\/it\/wp-json\/wp\/v2\/folder?post=37"}],"curies":[{"name":"wp","href":"https:\/\/api.w.org\/{rel}","templated":true}]}}